{"id":38,"date":"2020-01-21T07:07:15","date_gmt":"2020-01-21T07:07:15","guid":{"rendered":"http:\/\/www.gastrobig.com\/?page_id=38"},"modified":"2020-01-21T09:59:28","modified_gmt":"2020-01-21T09:59:28","slug":"iletisim","status":"publish","type":"page","link":"http:\/\/gastrobig.com\/index.php\/iletisim\/","title":{"rendered":"\u0130LET\u0130\u015e\u0130M"},"content":{"rendered":"\n<div class=\"wp-block-image\"><figure class=\"aligncenter size-large is-resized\"><img loading=\"lazy\" src=\"http:\/\/www.gastrobig.com\/wp-content\/uploads\/2020\/01\/1-2.jpg\" alt=\"\" class=\"wp-image-39\" width=\"609\" height=\"441\" srcset=\"http:\/\/gastrobig.com\/wp-content\/uploads\/2020\/01\/1-2.jpg 898w, http:\/\/gastrobig.com\/wp-content\/uploads\/2020\/01\/1-2-300x218.jpg 300w, http:\/\/gastrobig.com\/wp-content\/uploads\/2020\/01\/1-2-768x558.jpg 768w\" sizes=\"(max-width: 609px) 100vw, 609px\" \/><\/figure><\/div>\n\n\n\n<h2 class=\"has-text-align-center\">\u0130LET\u0130\u015e\u0130M B\u0130LG\u0130LER\u0130<\/h2>\n\n\n\n<h3 class=\"has-text-align-left\">Telefon  \u00a0 \u00a0    \u00a0: 0212 254 05 89<br><strong>WhatsApp   : 053<\/strong>2 415 60 15<br><strong>\u015eirket GSM  : 05<\/strong>32 415 60 15<br><\/h3>\n\n\n\n<h3><strong>destek@gastrobig.com<\/strong><br><strong>gastrobig@gmail.com<\/strong><br><\/h3>\n\n\n\n<h3><strong>Adres : Kas\u0131mpa\u015fa, Bahriye Cad. Camiikebir Mah. No:11\/1 Beyo\u011flu \u0130STANBU<\/strong>L <\/h3>\n\n\n\n<div class=\"wp-block-image\"><figure class=\"aligncenter size-large\"><a href=\"https:\/\/sehirharitasi.ibb.gov.tr\/\"><img loading=\"lazy\" width=\"300\" height=\"300\" src=\"http:\/\/www.gastrobig.com\/wp-content\/uploads\/2020\/01\/unnamed-1-300x300-1.png\" alt=\"\" class=\"wp-image-40\" srcset=\"http:\/\/gastrobig.com\/wp-content\/uploads\/2020\/01\/unnamed-1-300x300-1.png 300w, http:\/\/gastrobig.com\/wp-content\/uploads\/2020\/01\/unnamed-1-300x300-1-150x150.png 150w\" sizes=\"(max-width: 300px) 100vw, 300px\" \/><\/a><figcaption><strong>ULA\u015eIM \u0130\u00c7\u0130N TIKLA <\/strong><\/figcaption><\/figure><\/div>\n","protected":false},"excerpt":{"rendered":"<p>\u0130LET\u0130\u015e\u0130M B\u0130LG\u0130LER\u0130 Telefon \u00a0 \u00a0 \u00a0: 0212 254 05 89WhatsApp : 0532 415 60 15\u015eirket GSM : 0532 415 60 15 destek@gastrobig.comgastrobig@gmail.com Adres : Kas\u0131mpa\u015fa, Bahriye Cad. Camiikebir Mah. No:11\/1 Beyo\u011flu \u0130STANBUL<\/p>\n","protected":false},"author":1,"featured_media":0,"parent":0,"menu_order":0,"comment_status":"closed","ping_status":"closed","template":"","meta":[],"_links":{"self":[{"href":"http:\/\/gastrobig.com\/index.php\/wp-json\/wp\/v2\/pages\/38"}],"collection":[{"href":"http:\/\/gastrobig.com\/index.php\/wp-json\/wp\/v2\/pages"}],"about":[{"href":"http:\/\/gastrobig.com\/index.php\/wp-json\/wp\/v2\/types\/page"}],"author":[{"embeddable":true,"href":"http:\/\/gastrobig.com\/index.php\/wp-json\/wp\/v2\/users\/1"}],"replies":[{"embeddable":true,"href":"http:\/\/gastrobig.com\/index.php\/wp-json\/wp\/v2\/comments?post=38"}],"version-history":[{"count":10,"href":"http:\/\/gastrobig.com\/index.php\/wp-json\/wp\/v2\/pages\/38\/revisions"}],"predecessor-version":[{"id":163,"href":"http:\/\/gastrobig.com\/index.php\/wp-json\/wp\/v2\/pages\/38\/revisions\/163"}],"wp:attachment":[{"href":"http:\/\/gastrobig.com\/index.php\/wp-json\/wp\/v2\/media?parent=38"}],"curies":[{"name":"wp","href":"https:\/\/api.w.org\/{rel}","templated":true}]}}