{"id":35,"date":"2020-01-21T06:59:45","date_gmt":"2020-01-21T06:59:45","guid":{"rendered":"http:\/\/www.gastrobig.com\/?page_id=35"},"modified":"2020-01-21T09:55:11","modified_gmt":"2020-01-21T09:55:11","slug":"hakkimizda","status":"publish","type":"page","link":"http:\/\/gastrobig.com\/index.php\/hakkimizda\/","title":{"rendered":"HAKKIMIZDA"},"content":{"rendered":"\n<div class=\"wp-block-image\"><figure class=\"aligncenter size-large is-resized\"><img loading=\"lazy\" src=\"http:\/\/www.gastrobig.com\/wp-content\/uploads\/2020\/01\/1.jpg\" alt=\"\" class=\"wp-image-13\" width=\"572\" height=\"415\" srcset=\"http:\/\/gastrobig.com\/wp-content\/uploads\/2020\/01\/1.jpg 898w, http:\/\/gastrobig.com\/wp-content\/uploads\/2020\/01\/1-300x218.jpg 300w, http:\/\/gastrobig.com\/wp-content\/uploads\/2020\/01\/1-768x558.jpg 768w\" sizes=\"(max-width: 572px) 100vw, 572px\" \/><\/figure><\/div>\n\n\n\n<p><strong>Gastrobig<\/strong> yurt i\u00e7i ve yurt d\u0131\u015f\u0131 proje ortaklar\u0131m\u0131zla yapt\u0131\u011f\u0131 uyumlu \u00e7al\u0131\u015fmalarla gerek sekt\u00f6r\u00fcn tan\u0131t\u0131m\u0131 gerekse yeni \u00fcr\u00fcnlerin t\u00fcketicilerin hizmetine sunulmas\u0131 ile  \u00fcstlenmi\u015f oldu\u011fu misyonu yerine getirmektedir. <\/p>\n\n\n\n<p>T\u00fcrkiye genelinde  hizmet vermekteyiz. Yeni kat\u0131l\u0131mlar ve yat\u0131r\u0131mlarla bu hizmet a\u011f\u0131m\u0131z\u0131 daha da geni\u015fletmeye devam etmekteyiz.<\/p>\n\n\n\n<p>Kalite anlay\u0131\u015f\u0131n\u0131  sat\u0131\u015f \u00f6ncesi ve sat\u0131\u015f sonras\u0131 faaliyetlerimizde de yapt\u0131\u011f\u0131m\u0131z \u00e7al\u0131\u015fmalarla m\u00fc\u015fteri memnuniyetini esas alan ilkelerimiz do\u011frultusunda \u00e7al\u0131\u015fmaktay\u0131z. <\/p>\n\n\n\n<p>Bu g\u00fcn profesyonel ve ev mutfa\u011f\u0131na y\u00f6nelik t\u00fcm \u00fcr\u00fcnlerimiz ile uzun y\u0131llar standart \u00fcr\u00fcn  \u00fcretici ve ithalat\u00e7\u0131 firmalar\u0131n bayili\u011fini yaparak t\u00fcm  gerekli malzeme \u00e7e\u015fitleri ile proje uygulamalar\u0131nda hizmet vermektedir.<\/p>\n\n\n\n<p><strong>Gastrobig,<\/strong> End\u00fcstriyel Mutfak proje tasar\u0131m\u0131 ve uygulamas\u0131 ile makine grubu, haz\u0131rl\u0131k, pi\u015firme, ta\u015f\u0131ma, servis ve y\u0131kama ekipmanlar\u0131 konusunda deneyimli ve uzman kadrosu ile ihtiya\u00e7lar\u0131n\u0131z do\u011frultusunda sizlere en uygun \u00e7\u00f6z\u00fcmleri sunmaya haz\u0131rd\u0131r.<\/p>\n\n\n\n<p>Yeni teknolojilere uyumlu olarak yap\u0131lan \u00fcr\u00fcnleri t\u00fcketicilere fayda sa\u011flayacak ergonomik tasar\u0131mlar\u0131, uluslar aras\u0131 standartlara uygun olarak ger\u00e7ekle\u015ftirmek, kaliteli \u00e7ok \u00e7e\u015fit uygun fiyatlar ve  insan kaynaklar\u0131m\u0131za verdi\u011fimiz \u00f6nemle m\u00fc\u015fterilerimize verdi\u011fimiz iyi hizmetlerimize devam etmi\u015f ve \u00e7a\u011f\u0131m\u0131z\u0131n ko\u015fullar\u0131 gere\u011fi misyonumuzu en iyi \u015fekilde devam ettirmeye kararl\u0131y\u0131z.<\/p>\n","protected":false},"excerpt":{"rendered":"<p>Gastrobig yurt i\u00e7i ve yurt d\u0131\u015f\u0131 proje ortaklar\u0131m\u0131zla yapt\u0131\u011f\u0131 uyumlu \u00e7al\u0131\u015fmalarla gerek sekt\u00f6r\u00fcn tan\u0131t\u0131m\u0131 gerekse yeni \u00fcr\u00fcnlerin t\u00fcketicilerin hizmetine sunulmas\u0131 ile \u00fcstlenmi\u015f oldu\u011fu misyonu yerine getirmektedir. T\u00fcrkiye genelinde hizmet vermekteyiz. Yeni kat\u0131l\u0131mlar ve yat\u0131r\u0131mlarla bu hizmet a\u011f\u0131m\u0131z\u0131 daha da geni\u015fletmeye devam etmekteyiz. Kalite anlay\u0131\u015f\u0131n\u0131 sat\u0131\u015f \u00f6ncesi ve sat\u0131\u015f sonras\u0131 faaliyetlerimizde de yapt\u0131\u011f\u0131m\u0131z \u00e7al\u0131\u015fmalarla m\u00fc\u015fteri memnuniyetini esas alan ilkelerimiz do\u011frultusunda \u00e7al\u0131\u015fmaktay\u0131z. Bu g\u00fcn profesyonel ve ev mutfa\u011f\u0131na y\u00f6nelik t\u00fcm \u00fcr\u00fcnlerimiz ile uzun y\u0131llar standart \u00fcr\u00fcn \u00fcretici ve ithalat\u00e7\u0131 firmalar\u0131n bayili\u011fini yaparak t\u00fcm gerekli malzeme \u00e7e\u015fitleri ile proje uygulamalar\u0131nda hizmet vermektedir. Gastrobig, End\u00fcstriyel Mutfak proje tasar\u0131m\u0131 ve uygulamas\u0131 ile makine grubu, haz\u0131rl\u0131k, pi\u015firme, ta\u015f\u0131ma, servis ve y\u0131kama ekipmanlar\u0131 konusunda deneyimli ve uzman kadrosu ile ihtiya\u00e7lar\u0131n\u0131z do\u011frultusunda sizlere en uygun \u00e7\u00f6z\u00fcmleri sunmaya haz\u0131rd\u0131r. Yeni teknolojilere uyumlu olarak yap\u0131lan \u00fcr\u00fcnleri t\u00fcketicilere fayda sa\u011flayacak ergonomik tasar\u0131mlar\u0131, uluslar aras\u0131 standartlara uygun olarak ger\u00e7ekle\u015ftirmek, kaliteli \u00e7ok \u00e7e\u015fit uygun fiyatlar ve insan kaynaklar\u0131m\u0131za verdi\u011fimiz \u00f6nemle m\u00fc\u015fterilerimize verdi\u011fimiz iyi hizmetlerimize devam etmi\u015f ve \u00e7a\u011f\u0131m\u0131z\u0131n ko\u015fullar\u0131 gere\u011fi misyonumuzu en iyi \u015fekilde devam ettirmeye kararl\u0131y\u0131z.<\/p>\n","protected":false},"author":1,"featured_media":0,"parent":0,"menu_order":0,"comment_status":"closed","ping_status":"closed","template":"","meta":[],"_links":{"self":[{"href":"http:\/\/gastrobig.com\/index.php\/wp-json\/wp\/v2\/pages\/35"}],"collection":[{"href":"http:\/\/gastrobig.com\/index.php\/wp-json\/wp\/v2\/pages"}],"about":[{"href":"http:\/\/gastrobig.com\/index.php\/wp-json\/wp\/v2\/types\/page"}],"author":[{"embeddable":true,"href":"http:\/\/gastrobig.com\/index.php\/wp-json\/wp\/v2\/users\/1"}],"replies":[{"embeddable":true,"href":"http:\/\/gastrobig.com\/index.php\/wp-json\/wp\/v2\/comments?post=35"}],"version-history":[{"count":2,"href":"http:\/\/gastrobig.com\/index.php\/wp-json\/wp\/v2\/pages\/35\/revisions"}],"predecessor-version":[{"id":160,"href":"http:\/\/gastrobig.com\/index.php\/wp-json\/wp\/v2\/pages\/35\/revisions\/160"}],"wp:attachment":[{"href":"http:\/\/gastrobig.com\/index.php\/wp-json\/wp\/v2\/media?parent=35"}],"curies":[{"name":"wp","href":"https:\/\/api.w.org\/{rel}","templated":true}]}}