{"id":184,"date":"2020-01-21T16:18:30","date_gmt":"2020-01-21T16:18:30","guid":{"rendered":"http:\/\/www.gastrobig.com\/?page_id=184"},"modified":"2020-01-21T16:44:01","modified_gmt":"2020-01-21T16:44:01","slug":"acik-bufe-servis-uniteleri","status":"publish","type":"page","link":"http:\/\/gastrobig.com\/index.php\/acik-bufe-servis-uniteleri\/","title":{"rendered":"A\u00c7IK B\u00dcFE SERV\u0130S \u00dcN\u0130TELER\u0130"},"content":{"rendered":"\n<figure class=\"wp-container-2 wp-block-gallery-1 wp-block-gallery columns-2 is-cropped\"><ul class=\"blocks-gallery-grid\"><li class=\"blocks-gallery-item\"><figure><img loading=\"lazy\" width=\"381\" height=\"380\" src=\"http:\/\/www.gastrobig.com\/wp-content\/uploads\/2020\/01\/1082015121015-osabl.png\" alt=\"\" data-id=\"232\" data-full-url=\"http:\/\/www.gastrobig.com\/wp-content\/uploads\/2020\/01\/1082015121015-osabl.png\" data-link=\"http:\/\/www.gastrobig.com\/index.php\/acik-bufe-servis-uniteleri\/1082015121015-osabl\/\" class=\"wp-image-232\" srcset=\"http:\/\/gastrobig.com\/wp-content\/uploads\/2020\/01\/1082015121015-osabl.png 381w, http:\/\/gastrobig.com\/wp-content\/uploads\/2020\/01\/1082015121015-osabl-300x300.png 300w, http:\/\/gastrobig.com\/wp-content\/uploads\/2020\/01\/1082015121015-osabl-150x150.png 150w\" sizes=\"(max-width: 381px) 100vw, 381px\" \/><\/figure><\/li><li class=\"blocks-gallery-item\"><figure><img loading=\"lazy\" width=\"500\" height=\"600\" src=\"http:\/\/www.gastrobig.com\/wp-content\/uploads\/2020\/01\/f21c3981-6f8a-4c0b-b829-fc785ce1a884Ekmek-Servis-unitesi.jpg\" alt=\"\" data-id=\"233\" data-full-url=\"http:\/\/www.gastrobig.com\/wp-content\/uploads\/2020\/01\/f21c3981-6f8a-4c0b-b829-fc785ce1a884Ekmek-Servis-unitesi.jpg\" data-link=\"http:\/\/www.gastrobig.com\/index.php\/acik-bufe-servis-uniteleri\/f21c3981-6f8a-4c0b-b829-fc785ce1a884ekmek-servis-unitesi\/\" class=\"wp-image-233\" srcset=\"http:\/\/gastrobig.com\/wp-content\/uploads\/2020\/01\/f21c3981-6f8a-4c0b-b829-fc785ce1a884Ekmek-Servis-unitesi.jpg 500w, http:\/\/gastrobig.com\/wp-content\/uploads\/2020\/01\/f21c3981-6f8a-4c0b-b829-fc785ce1a884Ekmek-Servis-unitesi-250x300.jpg 250w\" sizes=\"(max-width: 500px) 100vw, 500px\" \/><\/figure><\/li><li class=\"blocks-gallery-item\"><figure><img loading=\"lazy\" width=\"874\" height=\"574\" src=\"http:\/\/www.gastrobig.com\/wp-content\/uploads\/2020\/01\/acikbufe8b.png\" alt=\"\" data-id=\"234\" data-full-url=\"http:\/\/www.gastrobig.com\/wp-content\/uploads\/2020\/01\/acikbufe8b.png\" data-link=\"http:\/\/www.gastrobig.com\/index.php\/acik-bufe-servis-uniteleri\/acikbufe8b\/\" class=\"wp-image-234\" srcset=\"http:\/\/gastrobig.com\/wp-content\/uploads\/2020\/01\/acikbufe8b.png 874w, http:\/\/gastrobig.com\/wp-content\/uploads\/2020\/01\/acikbufe8b-300x197.png 300w, http:\/\/gastrobig.com\/wp-content\/uploads\/2020\/01\/acikbufe8b-768x504.png 768w\" sizes=\"(max-width: 874px) 100vw, 874px\" \/><\/figure><\/li><li class=\"blocks-gallery-item\"><figure><img loading=\"lazy\" width=\"600\" height=\"600\" src=\"http:\/\/www.gastrobig.com\/wp-content\/uploads\/2020\/01\/OKTMTDPZVS10172019201157_g-899-2527-31-10-2017.jpg\" alt=\"\" data-id=\"235\" data-full-url=\"http:\/\/www.gastrobig.com\/wp-content\/uploads\/2020\/01\/OKTMTDPZVS10172019201157_g-899-2527-31-10-2017.jpg\" data-link=\"http:\/\/www.gastrobig.com\/index.php\/acik-bufe-servis-uniteleri\/oktmtdpzvs10172019201157_g-899-2527-31-10-2017\/\" class=\"wp-image-235\" srcset=\"http:\/\/gastrobig.com\/wp-content\/uploads\/2020\/01\/OKTMTDPZVS10172019201157_g-899-2527-31-10-2017.jpg 600w, http:\/\/gastrobig.com\/wp-content\/uploads\/2020\/01\/OKTMTDPZVS10172019201157_g-899-2527-31-10-2017-300x300.jpg 300w, http:\/\/gastrobig.com\/wp-content\/uploads\/2020\/01\/OKTMTDPZVS10172019201157_g-899-2527-31-10-2017-150x150.jpg 150w\" sizes=\"(max-width: 600px) 100vw, 600px\" \/><\/figure><\/li><\/ul><\/figure>\n","protected":false},"excerpt":{"rendered":"","protected":false},"author":1,"featured_media":0,"parent":0,"menu_order":0,"comment_status":"closed","ping_status":"closed","template":"","meta":[],"_links":{"self":[{"href":"http:\/\/gastrobig.com\/index.php\/wp-json\/wp\/v2\/pages\/184"}],"collection":[{"href":"http:\/\/gastrobig.com\/index.php\/wp-json\/wp\/v2\/pages"}],"about":[{"href":"http:\/\/gastrobig.com\/index.php\/wp-json\/wp\/v2\/types\/page"}],"author":[{"embeddable":true,"href":"http:\/\/gastrobig.com\/index.php\/wp-json\/wp\/v2\/users\/1"}],"replies":[{"embeddable":true,"href":"http:\/\/gastrobig.com\/index.php\/wp-json\/wp\/v2\/comments?post=184"}],"version-history":[{"count":2,"href":"http:\/\/gastrobig.com\/index.php\/wp-json\/wp\/v2\/pages\/184\/revisions"}],"predecessor-version":[{"id":237,"href":"http:\/\/gastrobig.com\/index.php\/wp-json\/wp\/v2\/pages\/184\/revisions\/237"}],"wp:attachment":[{"href":"http:\/\/gastrobig.com\/index.php\/wp-json\/wp\/v2\/media?parent=184"}],"curies":[{"name":"wp","href":"https:\/\/api.w.org\/{rel}","templated":true}]}}