{"id":180,"date":"2020-01-21T16:17:28","date_gmt":"2020-01-21T16:17:28","guid":{"rendered":"http:\/\/www.gastrobig.com\/?page_id=180"},"modified":"2020-01-27T17:22:30","modified_gmt":"2020-01-27T17:22:30","slug":"icecek-hazirlama-ekipmanlari","status":"publish","type":"page","link":"http:\/\/gastrobig.com\/index.php\/icecek-hazirlama-ekipmanlari\/","title":{"rendered":"\u0130\u00c7ECEK HAZIRLAMA EK\u0130PMANLARI"},"content":{"rendered":"\n<figure class=\"wp-container-2 wp-block-gallery-1 wp-block-gallery columns-2 is-cropped\"><ul class=\"blocks-gallery-grid\"><li class=\"blocks-gallery-item\"><figure><img loading=\"lazy\" width=\"800\" height=\"533\" src=\"http:\/\/www.gastrobig.com\/wp-content\/uploads\/2020\/01\/i2.jpg\" alt=\"\" data-id=\"248\" data-full-url=\"http:\/\/www.gastrobig.com\/wp-content\/uploads\/2020\/01\/i2.jpg\" data-link=\"http:\/\/www.gastrobig.com\/index.php\/icecek-hazirlama-ekipmanlari\/i2\/\" class=\"wp-image-248\" srcset=\"http:\/\/gastrobig.com\/wp-content\/uploads\/2020\/01\/i2.jpg 800w, http:\/\/gastrobig.com\/wp-content\/uploads\/2020\/01\/i2-300x200.jpg 300w, http:\/\/gastrobig.com\/wp-content\/uploads\/2020\/01\/i2-768x512.jpg 768w\" sizes=\"(max-width: 800px) 100vw, 800px\" \/><\/figure><\/li><li class=\"blocks-gallery-item\"><figure><img loading=\"lazy\" width=\"283\" height=\"396\" src=\"http:\/\/www.gastrobig.com\/wp-content\/uploads\/2020\/01\/ice-slush-310516121506.jpg\" alt=\"\" data-id=\"249\" data-full-url=\"http:\/\/www.gastrobig.com\/wp-content\/uploads\/2020\/01\/ice-slush-310516121506.jpg\" data-link=\"http:\/\/www.gastrobig.com\/index.php\/icecek-hazirlama-ekipmanlari\/ice-slush-310516121506\/\" class=\"wp-image-249\" srcset=\"http:\/\/gastrobig.com\/wp-content\/uploads\/2020\/01\/ice-slush-310516121506.jpg 283w, http:\/\/gastrobig.com\/wp-content\/uploads\/2020\/01\/ice-slush-310516121506-214x300.jpg 214w\" sizes=\"(max-width: 283px) 100vw, 283px\" \/><\/figure><\/li><li class=\"blocks-gallery-item\"><figure><img loading=\"lazy\" width=\"355\" height=\"300\" src=\"http:\/\/www.gastrobig.com\/wp-content\/uploads\/2020\/01\/j80ultraasil.png\" alt=\"\" data-id=\"250\" data-full-url=\"http:\/\/www.gastrobig.com\/wp-content\/uploads\/2020\/01\/j80ultraasil.png\" data-link=\"http:\/\/www.gastrobig.com\/index.php\/icecek-hazirlama-ekipmanlari\/j80ultraasil\/\" class=\"wp-image-250\" srcset=\"http:\/\/gastrobig.com\/wp-content\/uploads\/2020\/01\/j80ultraasil.png 355w, http:\/\/gastrobig.com\/wp-content\/uploads\/2020\/01\/j80ultraasil-300x254.png 300w\" sizes=\"(max-width: 355px) 100vw, 355px\" \/><\/figure><\/li><li class=\"blocks-gallery-item\"><figure><img loading=\"lazy\" width=\"818\" height=\"226\" src=\"http:\/\/www.gastrobig.com\/wp-content\/uploads\/2020\/01\/13-150616035009-180616080423.jpg\" alt=\"\" data-id=\"251\" data-full-url=\"http:\/\/www.gastrobig.com\/wp-content\/uploads\/2020\/01\/13-150616035009-180616080423.jpg\" data-link=\"http:\/\/www.gastrobig.com\/index.php\/icecek-hazirlama-ekipmanlari\/13-150616035009-180616080423\/\" class=\"wp-image-251\" srcset=\"http:\/\/gastrobig.com\/wp-content\/uploads\/2020\/01\/13-150616035009-180616080423.jpg 818w, http:\/\/gastrobig.com\/wp-content\/uploads\/2020\/01\/13-150616035009-180616080423-300x83.jpg 300w, http:\/\/gastrobig.com\/wp-content\/uploads\/2020\/01\/13-150616035009-180616080423-768x212.jpg 768w\" sizes=\"(max-width: 818px) 100vw, 818px\" \/><\/figure><\/li><li class=\"blocks-gallery-item\"><figure><img loading=\"lazy\" width=\"450\" height=\"450\" src=\"http:\/\/www.gastrobig.com\/wp-content\/uploads\/2020\/01\/filtrekahve-310516114914.jpg\" alt=\"\" data-id=\"252\" data-full-url=\"http:\/\/www.gastrobig.com\/wp-content\/uploads\/2020\/01\/filtrekahve-310516114914.jpg\" data-link=\"http:\/\/www.gastrobig.com\/index.php\/icecek-hazirlama-ekipmanlari\/filtrekahve-310516114914\/\" class=\"wp-image-252\" srcset=\"http:\/\/gastrobig.com\/wp-content\/uploads\/2020\/01\/filtrekahve-310516114914.jpg 450w, http:\/\/gastrobig.com\/wp-content\/uploads\/2020\/01\/filtrekahve-310516114914-300x300.jpg 300w, http:\/\/gastrobig.com\/wp-content\/uploads\/2020\/01\/filtrekahve-310516114914-150x150.jpg 150w\" sizes=\"(max-width: 450px) 100vw, 450px\" \/><\/figure><\/li><li class=\"blocks-gallery-item\"><figure><img loading=\"lazy\" width=\"1000\" height=\"1000\" src=\"http:\/\/www.gastrobig.com\/wp-content\/uploads\/2020\/01\/km-kayalar-endustriyel-mutfak-icecek-hazirlama-ekipmanlari-buzlu-icecek-makinesi.jpg\" alt=\"\" data-id=\"253\" data-full-url=\"http:\/\/www.gastrobig.com\/wp-content\/uploads\/2020\/01\/km-kayalar-endustriyel-mutfak-icecek-hazirlama-ekipmanlari-buzlu-icecek-makinesi.jpg\" data-link=\"http:\/\/www.gastrobig.com\/index.php\/icecek-hazirlama-ekipmanlari\/km-kayalar-endustriyel-mutfak-icecek-hazirlama-ekipmanlari-buzlu-icecek-makinesi\/\" class=\"wp-image-253\" srcset=\"http:\/\/gastrobig.com\/wp-content\/uploads\/2020\/01\/km-kayalar-endustriyel-mutfak-icecek-hazirlama-ekipmanlari-buzlu-icecek-makinesi.jpg 1000w, http:\/\/gastrobig.com\/wp-content\/uploads\/2020\/01\/km-kayalar-endustriyel-mutfak-icecek-hazirlama-ekipmanlari-buzlu-icecek-makinesi-300x300.jpg 300w, http:\/\/gastrobig.com\/wp-content\/uploads\/2020\/01\/km-kayalar-endustriyel-mutfak-icecek-hazirlama-ekipmanlari-buzlu-icecek-makinesi-150x150.jpg 150w, http:\/\/gastrobig.com\/wp-content\/uploads\/2020\/01\/km-kayalar-endustriyel-mutfak-icecek-hazirlama-ekipmanlari-buzlu-icecek-makinesi-768x768.jpg 768w\" sizes=\"(max-width: 1000px) 100vw, 1000px\" \/><\/figure><\/li><li class=\"blocks-gallery-item\"><figure><img loading=\"lazy\" width=\"640\" height=\"426\" src=\"http:\/\/www.gastrobig.com\/wp-content\/uploads\/2020\/01\/icecek3.jpg\" alt=\"\" data-id=\"254\" data-full-url=\"http:\/\/www.gastrobig.com\/wp-content\/uploads\/2020\/01\/icecek3.jpg\" data-link=\"http:\/\/www.gastrobig.com\/index.php\/icecek-hazirlama-ekipmanlari\/icecek3\/\" class=\"wp-image-254\" srcset=\"http:\/\/gastrobig.com\/wp-content\/uploads\/2020\/01\/icecek3.jpg 640w, http:\/\/gastrobig.com\/wp-content\/uploads\/2020\/01\/icecek3-300x200.jpg 300w\" sizes=\"(max-width: 640px) 100vw, 640px\" \/><\/figure><\/li><li class=\"blocks-gallery-item\"><figure><img loading=\"lazy\" width=\"400\" height=\"400\" src=\"http:\/\/www.gastrobig.com\/wp-content\/uploads\/2020\/01\/0d157798-047f-46b9-9d06-c7a73d749db8-1.png\" alt=\"\" data-id=\"255\" data-full-url=\"http:\/\/www.gastrobig.com\/wp-content\/uploads\/2020\/01\/0d157798-047f-46b9-9d06-c7a73d749db8-1.png\" data-link=\"http:\/\/www.gastrobig.com\/index.php\/icecek-hazirlama-ekipmanlari\/0d157798-047f-46b9-9d06-c7a73d749db8-1\/\" class=\"wp-image-255\" srcset=\"http:\/\/gastrobig.com\/wp-content\/uploads\/2020\/01\/0d157798-047f-46b9-9d06-c7a73d749db8-1.png 400w, http:\/\/gastrobig.com\/wp-content\/uploads\/2020\/01\/0d157798-047f-46b9-9d06-c7a73d749db8-1-300x300.png 300w, http:\/\/gastrobig.com\/wp-content\/uploads\/2020\/01\/0d157798-047f-46b9-9d06-c7a73d749db8-1-150x150.png 150w\" sizes=\"(max-width: 400px) 100vw, 400px\" \/><\/figure><\/li><\/ul><\/figure>\n\n\n\n<figure class=\"wp-container-4 wp-block-gallery-3 wp-block-gallery columns-2 is-cropped\"><ul class=\"blocks-gallery-grid\"><li class=\"blocks-gallery-item\"><figure><img loading=\"lazy\" width=\"709\" height=\"709\" src=\"http:\/\/www.gastrobig.com\/wp-content\/uploads\/2020\/01\/489c-60-LIK-ELEKTR\u0130KL\u0130-PLEYTS\u0130Z-\u00c7AY-KAHVE-TKM-1.jpg\" alt=\"\" data-id=\"485\" data-full-url=\"http:\/\/www.gastrobig.com\/wp-content\/uploads\/2020\/01\/489c-60-LIK-ELEKTR\u0130KL\u0130-PLEYTS\u0130Z-\u00c7AY-KAHVE-TKM-1.jpg\" data-link=\"http:\/\/www.gastrobig.com\/index.php\/icecek-hazirlama-ekipmanlari\/489c-60-lik-elektrikli-pleytsiz-cay-kahve-tkm-1\/\" class=\"wp-image-485\" srcset=\"http:\/\/gastrobig.com\/wp-content\/uploads\/2020\/01\/489c-60-LIK-ELEKTR\u0130KL\u0130-PLEYTS\u0130Z-\u00c7AY-KAHVE-TKM-1.jpg 709w, http:\/\/gastrobig.com\/wp-content\/uploads\/2020\/01\/489c-60-LIK-ELEKTR\u0130KL\u0130-PLEYTS\u0130Z-\u00c7AY-KAHVE-TKM-1-300x300.jpg 300w, http:\/\/gastrobig.com\/wp-content\/uploads\/2020\/01\/489c-60-LIK-ELEKTR\u0130KL\u0130-PLEYTS\u0130Z-\u00c7AY-KAHVE-TKM-1-150x150.jpg 150w\" sizes=\"(max-width: 709px) 100vw, 709px\" \/><\/figure><\/li><li class=\"blocks-gallery-item\"><figure><img loading=\"lazy\" width=\"709\" height=\"709\" src=\"http:\/\/www.gastrobig.com\/wp-content\/uploads\/2020\/01\/9930-15-L\u0130K-ELEKTR\u0130KL\u0130-\u00c7AY-KAHVE-TKM-1.jpg\" alt=\"\" data-id=\"486\" data-full-url=\"http:\/\/www.gastrobig.com\/wp-content\/uploads\/2020\/01\/9930-15-L\u0130K-ELEKTR\u0130KL\u0130-\u00c7AY-KAHVE-TKM-1.jpg\" data-link=\"http:\/\/www.gastrobig.com\/index.php\/icecek-hazirlama-ekipmanlari\/9930-15-lik-elektrikli-cay-kahve-tkm-1\/\" class=\"wp-image-486\" srcset=\"http:\/\/gastrobig.com\/wp-content\/uploads\/2020\/01\/9930-15-L\u0130K-ELEKTR\u0130KL\u0130-\u00c7AY-KAHVE-TKM-1.jpg 709w, http:\/\/gastrobig.com\/wp-content\/uploads\/2020\/01\/9930-15-L\u0130K-ELEKTR\u0130KL\u0130-\u00c7AY-KAHVE-TKM-1-300x300.jpg 300w, http:\/\/gastrobig.com\/wp-content\/uploads\/2020\/01\/9930-15-L\u0130K-ELEKTR\u0130KL\u0130-\u00c7AY-KAHVE-TKM-1-150x150.jpg 150w\" sizes=\"(max-width: 709px) 100vw, 709px\" \/><\/figure><\/li><li class=\"blocks-gallery-item\"><figure><img loading=\"lazy\" width=\"709\" height=\"709\" src=\"http:\/\/www.gastrobig.com\/wp-content\/uploads\/2020\/01\/1a05-60-LIK-ELEKTR\u0130KL\u0130-\u00c7AY-KAHVE-TAKIMI-1.jpg\" alt=\"\" data-id=\"487\" data-full-url=\"http:\/\/www.gastrobig.com\/wp-content\/uploads\/2020\/01\/1a05-60-LIK-ELEKTR\u0130KL\u0130-\u00c7AY-KAHVE-TAKIMI-1.jpg\" data-link=\"http:\/\/www.gastrobig.com\/index.php\/icecek-hazirlama-ekipmanlari\/1a05-60-lik-elektrikli-cay-kahve-takimi-1\/\" class=\"wp-image-487\" srcset=\"http:\/\/gastrobig.com\/wp-content\/uploads\/2020\/01\/1a05-60-LIK-ELEKTR\u0130KL\u0130-\u00c7AY-KAHVE-TAKIMI-1.jpg 709w, http:\/\/gastrobig.com\/wp-content\/uploads\/2020\/01\/1a05-60-LIK-ELEKTR\u0130KL\u0130-\u00c7AY-KAHVE-TAKIMI-1-300x300.jpg 300w, http:\/\/gastrobig.com\/wp-content\/uploads\/2020\/01\/1a05-60-LIK-ELEKTR\u0130KL\u0130-\u00c7AY-KAHVE-TAKIMI-1-150x150.jpg 150w\" sizes=\"(max-width: 709px) 100vw, 709px\" \/><\/figure><\/li><li class=\"blocks-gallery-item\"><figure><img loading=\"lazy\" width=\"709\" height=\"709\" src=\"http:\/\/www.gastrobig.com\/wp-content\/uploads\/2020\/01\/b86d-40-LIK-ELEKTR\u0130KL\u0130-\u00c7AY-KAHVE-TKM-1.jpg\" alt=\"\" data-id=\"488\" data-full-url=\"http:\/\/www.gastrobig.com\/wp-content\/uploads\/2020\/01\/b86d-40-LIK-ELEKTR\u0130KL\u0130-\u00c7AY-KAHVE-TKM-1.jpg\" data-link=\"http:\/\/www.gastrobig.com\/index.php\/icecek-hazirlama-ekipmanlari\/b86d-40-lik-elektrikli-cay-kahve-tkm-1\/\" class=\"wp-image-488\" srcset=\"http:\/\/gastrobig.com\/wp-content\/uploads\/2020\/01\/b86d-40-LIK-ELEKTR\u0130KL\u0130-\u00c7AY-KAHVE-TKM-1.jpg 709w, http:\/\/gastrobig.com\/wp-content\/uploads\/2020\/01\/b86d-40-LIK-ELEKTR\u0130KL\u0130-\u00c7AY-KAHVE-TKM-1-300x300.jpg 300w, http:\/\/gastrobig.com\/wp-content\/uploads\/2020\/01\/b86d-40-LIK-ELEKTR\u0130KL\u0130-\u00c7AY-KAHVE-TKM-1-150x150.jpg 150w\" sizes=\"(max-width: 709px) 100vw, 709px\" \/><\/figure><\/li><li class=\"blocks-gallery-item\"><figure><img loading=\"lazy\" width=\"755\" height=\"567\" src=\"http:\/\/www.gastrobig.com\/wp-content\/uploads\/2020\/01\/64aa-2018-resimler6-7-1.jpg\" alt=\"\" data-id=\"489\" data-full-url=\"http:\/\/www.gastrobig.com\/wp-content\/uploads\/2020\/01\/64aa-2018-resimler6-7-1.jpg\" data-link=\"http:\/\/www.gastrobig.com\/index.php\/icecek-hazirlama-ekipmanlari\/2018-resimler6-4\/\" class=\"wp-image-489\" srcset=\"http:\/\/gastrobig.com\/wp-content\/uploads\/2020\/01\/64aa-2018-resimler6-7-1.jpg 755w, http:\/\/gastrobig.com\/wp-content\/uploads\/2020\/01\/64aa-2018-resimler6-7-1-300x225.jpg 300w\" sizes=\"(max-width: 755px) 100vw, 755px\" \/><\/figure><\/li><li class=\"blocks-gallery-item\"><figure><img loading=\"lazy\" width=\"862\" height=\"567\" src=\"http:\/\/www.gastrobig.com\/wp-content\/uploads\/2020\/01\/93d9-2018-resimler6-17-1.jpg\" alt=\"\" data-id=\"490\" data-full-url=\"http:\/\/www.gastrobig.com\/wp-content\/uploads\/2020\/01\/93d9-2018-resimler6-17-1.jpg\" data-link=\"http:\/\/www.gastrobig.com\/index.php\/icecek-hazirlama-ekipmanlari\/2018-resimler6-5\/\" class=\"wp-image-490\" srcset=\"http:\/\/gastrobig.com\/wp-content\/uploads\/2020\/01\/93d9-2018-resimler6-17-1.jpg 862w, http:\/\/gastrobig.com\/wp-content\/uploads\/2020\/01\/93d9-2018-resimler6-17-1-300x197.jpg 300w, http:\/\/gastrobig.com\/wp-content\/uploads\/2020\/01\/93d9-2018-resimler6-17-1-768x505.jpg 768w\" sizes=\"(max-width: 862px) 100vw, 862px\" \/><\/figure><\/li><li class=\"blocks-gallery-item\"><figure><img loading=\"lazy\" width=\"818\" height=\"567\" src=\"http:\/\/www.gastrobig.com\/wp-content\/uploads\/2020\/01\/ae4f-2018-resimler6-16-1.jpg\" alt=\"\" data-id=\"491\" data-full-url=\"http:\/\/www.gastrobig.com\/wp-content\/uploads\/2020\/01\/ae4f-2018-resimler6-16-1.jpg\" data-link=\"http:\/\/www.gastrobig.com\/index.php\/icecek-hazirlama-ekipmanlari\/2018-resimler6-6\/\" class=\"wp-image-491\" srcset=\"http:\/\/gastrobig.com\/wp-content\/uploads\/2020\/01\/ae4f-2018-resimler6-16-1.jpg 818w, http:\/\/gastrobig.com\/wp-content\/uploads\/2020\/01\/ae4f-2018-resimler6-16-1-300x208.jpg 300w, http:\/\/gastrobig.com\/wp-content\/uploads\/2020\/01\/ae4f-2018-resimler6-16-1-768x532.jpg 768w\" sizes=\"(max-width: 818px) 100vw, 818px\" \/><\/figure><\/li><li class=\"blocks-gallery-item\"><figure><img loading=\"lazy\" width=\"709\" height=\"567\" src=\"http:\/\/www.gastrobig.com\/wp-content\/uploads\/2020\/01\/c4c2-2018-resimler6-15-1.jpg\" alt=\"\" data-id=\"492\" data-full-url=\"http:\/\/www.gastrobig.com\/wp-content\/uploads\/2020\/01\/c4c2-2018-resimler6-15-1.jpg\" data-link=\"http:\/\/www.gastrobig.com\/index.php\/icecek-hazirlama-ekipmanlari\/c4c2-2018-resimler6-15-1\/\" class=\"wp-image-492\" srcset=\"http:\/\/gastrobig.com\/wp-content\/uploads\/2020\/01\/c4c2-2018-resimler6-15-1.jpg 709w, http:\/\/gastrobig.com\/wp-content\/uploads\/2020\/01\/c4c2-2018-resimler6-15-1-300x240.jpg 300w\" sizes=\"(max-width: 709px) 100vw, 709px\" \/><\/figure><\/li><\/ul><\/figure>\n\n\n\n<figure class=\"wp-block-image size-large\"><img loading=\"lazy\" width=\"709\" height=\"709\" src=\"http:\/\/www.gastrobig.com\/wp-content\/uploads\/2020\/01\/c3c6-2018-resimler1-13-1.jpg\" alt=\"\" class=\"wp-image-493\" srcset=\"http:\/\/gastrobig.com\/wp-content\/uploads\/2020\/01\/c3c6-2018-resimler1-13-1.jpg 709w, http:\/\/gastrobig.com\/wp-content\/uploads\/2020\/01\/c3c6-2018-resimler1-13-1-300x300.jpg 300w, http:\/\/gastrobig.com\/wp-content\/uploads\/2020\/01\/c3c6-2018-resimler1-13-1-150x150.jpg 150w\" sizes=\"(max-width: 709px) 100vw, 709px\" \/><\/figure>\n\n\n\n<figure class=\"wp-container-6 wp-block-gallery-5 wp-block-gallery columns-3 is-cropped\"><ul class=\"blocks-gallery-grid\"><li class=\"blocks-gallery-item\"><figure><img loading=\"lazy\" width=\"709\" height=\"709\" src=\"http:\/\/www.gastrobig.com\/wp-content\/uploads\/2020\/01\/7062-cift-corbakazan\u0131-1-1.jpg\" alt=\"\" data-id=\"496\" data-link=\"http:\/\/www.gastrobig.com\/index.php\/icecek-hazirlama-ekipmanlari\/7062-cift-corbakazani-1-1\/\" class=\"wp-image-496\" srcset=\"http:\/\/gastrobig.com\/wp-content\/uploads\/2020\/01\/7062-cift-corbakazan\u0131-1-1.jpg 709w, http:\/\/gastrobig.com\/wp-content\/uploads\/2020\/01\/7062-cift-corbakazan\u0131-1-1-300x300.jpg 300w, http:\/\/gastrobig.com\/wp-content\/uploads\/2020\/01\/7062-cift-corbakazan\u0131-1-1-150x150.jpg 150w\" sizes=\"(max-width: 709px) 100vw, 709px\" \/><\/figure><\/li><li class=\"blocks-gallery-item\"><figure><img loading=\"lazy\" width=\"709\" height=\"709\" src=\"http:\/\/www.gastrobig.com\/wp-content\/uploads\/2020\/01\/575e-corbakazan\u0131-3-1.jpg\" alt=\"\" data-id=\"497\" data-link=\"http:\/\/www.gastrobig.com\/index.php\/icecek-hazirlama-ekipmanlari\/575e-corbakazani-3-1\/\" class=\"wp-image-497\" srcset=\"http:\/\/gastrobig.com\/wp-content\/uploads\/2020\/01\/575e-corbakazan\u0131-3-1.jpg 709w, http:\/\/gastrobig.com\/wp-content\/uploads\/2020\/01\/575e-corbakazan\u0131-3-1-300x300.jpg 300w, http:\/\/gastrobig.com\/wp-content\/uploads\/2020\/01\/575e-corbakazan\u0131-3-1-150x150.jpg 150w\" sizes=\"(max-width: 709px) 100vw, 709px\" \/><\/figure><\/li><li class=\"blocks-gallery-item\"><figure><img loading=\"lazy\" width=\"709\" height=\"709\" src=\"http:\/\/www.gastrobig.com\/wp-content\/uploads\/2020\/01\/1d61-corbakazan\u0131-1-1.jpg\" alt=\"\" data-id=\"498\" data-link=\"http:\/\/www.gastrobig.com\/index.php\/icecek-hazirlama-ekipmanlari\/1d61-corbakazani-1-1\/\" class=\"wp-image-498\" srcset=\"http:\/\/gastrobig.com\/wp-content\/uploads\/2020\/01\/1d61-corbakazan\u0131-1-1.jpg 709w, http:\/\/gastrobig.com\/wp-content\/uploads\/2020\/01\/1d61-corbakazan\u0131-1-1-300x300.jpg 300w, http:\/\/gastrobig.com\/wp-content\/uploads\/2020\/01\/1d61-corbakazan\u0131-1-1-150x150.jpg 150w\" sizes=\"(max-width: 709px) 100vw, 709px\" \/><\/figure><\/li><li class=\"blocks-gallery-item\"><figure><img loading=\"lazy\" width=\"709\" height=\"633\" src=\"http:\/\/www.gastrobig.com\/wp-content\/uploads\/2020\/01\/73b8-2018-resimler1-17-1.jpg\" alt=\"\" data-id=\"499\" data-link=\"http:\/\/www.gastrobig.com\/index.php\/icecek-hazirlama-ekipmanlari\/73b8-2018-resimler1-17-1\/\" class=\"wp-image-499\" srcset=\"http:\/\/gastrobig.com\/wp-content\/uploads\/2020\/01\/73b8-2018-resimler1-17-1.jpg 709w, http:\/\/gastrobig.com\/wp-content\/uploads\/2020\/01\/73b8-2018-resimler1-17-1-300x268.jpg 300w\" sizes=\"(max-width: 709px) 100vw, 709px\" \/><\/figure><\/li><li class=\"blocks-gallery-item\"><figure><img loading=\"lazy\" width=\"709\" height=\"645\" src=\"http:\/\/www.gastrobig.com\/wp-content\/uploads\/2020\/01\/40dc-2018-resimler1-18-1.jpg\" alt=\"\" data-id=\"500\" data-link=\"http:\/\/www.gastrobig.com\/index.php\/icecek-hazirlama-ekipmanlari\/40dc-2018-resimler1-18-1\/\" class=\"wp-image-500\" srcset=\"http:\/\/gastrobig.com\/wp-content\/uploads\/2020\/01\/40dc-2018-resimler1-18-1.jpg 709w, http:\/\/gastrobig.com\/wp-content\/uploads\/2020\/01\/40dc-2018-resimler1-18-1-300x273.jpg 300w\" sizes=\"(max-width: 709px) 100vw, 709px\" \/><\/figure><\/li><li class=\"blocks-gallery-item\"><figure><img loading=\"lazy\" width=\"709\" height=\"645\" src=\"http:\/\/www.gastrobig.com\/wp-content\/uploads\/2020\/01\/2018-resimler1-16-1.jpg\" alt=\"\" data-id=\"501\" data-link=\"http:\/\/www.gastrobig.com\/index.php\/icecek-hazirlama-ekipmanlari\/2018-resimler1-16-1\/\" class=\"wp-image-501\" srcset=\"http:\/\/gastrobig.com\/wp-content\/uploads\/2020\/01\/2018-resimler1-16-1.jpg 709w, http:\/\/gastrobig.com\/wp-content\/uploads\/2020\/01\/2018-resimler1-16-1-300x273.jpg 300w\" sizes=\"(max-width: 709px) 100vw, 709px\" \/><\/figure><\/li><li class=\"blocks-gallery-item\"><figure><img loading=\"lazy\" width=\"709\" height=\"633\" src=\"http:\/\/www.gastrobig.com\/wp-content\/uploads\/2020\/01\/14ab-2018-resimler1-17-1.jpg\" alt=\"\" data-id=\"502\" data-link=\"http:\/\/www.gastrobig.com\/index.php\/icecek-hazirlama-ekipmanlari\/14ab-2018-resimler1-17-1\/\" class=\"wp-image-502\" srcset=\"http:\/\/gastrobig.com\/wp-content\/uploads\/2020\/01\/14ab-2018-resimler1-17-1.jpg 709w, http:\/\/gastrobig.com\/wp-content\/uploads\/2020\/01\/14ab-2018-resimler1-17-1-300x268.jpg 300w\" sizes=\"(max-width: 709px) 100vw, 709px\" \/><\/figure><\/li><li class=\"blocks-gallery-item\"><figure><img loading=\"lazy\" width=\"709\" height=\"709\" src=\"http:\/\/www.gastrobig.com\/wp-content\/uploads\/2020\/01\/21ab-2018-resimler1-12.jpg\" alt=\"\" data-id=\"504\" data-full-url=\"http:\/\/www.gastrobig.com\/wp-content\/uploads\/2020\/01\/21ab-2018-resimler1-12.jpg\" data-link=\"http:\/\/www.gastrobig.com\/index.php\/icecek-hazirlama-ekipmanlari\/21ab-2018-resimler1-12\/\" class=\"wp-image-504\" srcset=\"http:\/\/gastrobig.com\/wp-content\/uploads\/2020\/01\/21ab-2018-resimler1-12.jpg 709w, http:\/\/gastrobig.com\/wp-content\/uploads\/2020\/01\/21ab-2018-resimler1-12-300x300.jpg 300w, http:\/\/gastrobig.com\/wp-content\/uploads\/2020\/01\/21ab-2018-resimler1-12-150x150.jpg 150w\" sizes=\"(max-width: 709px) 100vw, 709px\" \/><\/figure><\/li><\/ul><\/figure>\n","protected":false},"excerpt":{"rendered":"","protected":false},"author":1,"featured_media":0,"parent":0,"menu_order":0,"comment_status":"closed","ping_status":"closed","template":"","meta":[],"_links":{"self":[{"href":"http:\/\/gastrobig.com\/index.php\/wp-json\/wp\/v2\/pages\/180"}],"collection":[{"href":"http:\/\/gastrobig.com\/index.php\/wp-json\/wp\/v2\/pages"}],"about":[{"href":"http:\/\/gastrobig.com\/index.php\/wp-json\/wp\/v2\/types\/page"}],"author":[{"embeddable":true,"href":"http:\/\/gastrobig.com\/index.php\/wp-json\/wp\/v2\/users\/1"}],"replies":[{"embeddable":true,"href":"http:\/\/gastrobig.com\/index.php\/wp-json\/wp\/v2\/comments?post=180"}],"version-history":[{"count":5,"href":"http:\/\/gastrobig.com\/index.php\/wp-json\/wp\/v2\/pages\/180\/revisions"}],"predecessor-version":[{"id":505,"href":"http:\/\/gastrobig.com\/index.php\/wp-json\/wp\/v2\/pages\/180\/revisions\/505"}],"wp:attachment":[{"href":"http:\/\/gastrobig.com\/index.php\/wp-json\/wp\/v2\/media?parent=180"}],"curies":[{"name":"wp","href":"https:\/\/api.w.org\/{rel}","templated":true}]}}