{"id":178,"date":"2020-01-21T16:16:44","date_gmt":"2020-01-21T16:16:44","guid":{"rendered":"http:\/\/www.gastrobig.com\/?page_id=178"},"modified":"2020-01-21T16:56:19","modified_gmt":"2020-01-21T16:56:19","slug":"depolama-istifleme-ekipmanlari-ve-davlumbazlar","status":"publish","type":"page","link":"http:\/\/gastrobig.com\/index.php\/depolama-istifleme-ekipmanlari-ve-davlumbazlar\/","title":{"rendered":"DEPOLAMA, \u0130ST\u0130FLEME EK\u0130PMANLARI VE DAVLUMBAZLAR"},"content":{"rendered":"\n<figure class=\"wp-container-2 wp-block-gallery-1 wp-block-gallery columns-2 is-cropped\"><ul class=\"blocks-gallery-grid\"><li class=\"blocks-gallery-item\"><figure><img loading=\"lazy\" width=\"1000\" height=\"1000\" src=\"http:\/\/www.gastrobig.com\/wp-content\/uploads\/2020\/01\/ED614D-depolama-dolabi-eni-60cm.jpg\" alt=\"\" data-id=\"257\" data-full-url=\"http:\/\/www.gastrobig.com\/wp-content\/uploads\/2020\/01\/ED614D-depolama-dolabi-eni-60cm.jpg\" data-link=\"http:\/\/www.gastrobig.com\/index.php\/depolama-istifleme-ekipmanlari-ve-davlumbazlar\/ed614d-depolama-dolabi-eni-60cm\/\" class=\"wp-image-257\" srcset=\"http:\/\/gastrobig.com\/wp-content\/uploads\/2020\/01\/ED614D-depolama-dolabi-eni-60cm.jpg 1000w, http:\/\/gastrobig.com\/wp-content\/uploads\/2020\/01\/ED614D-depolama-dolabi-eni-60cm-300x300.jpg 300w, http:\/\/gastrobig.com\/wp-content\/uploads\/2020\/01\/ED614D-depolama-dolabi-eni-60cm-150x150.jpg 150w, http:\/\/gastrobig.com\/wp-content\/uploads\/2020\/01\/ED614D-depolama-dolabi-eni-60cm-768x768.jpg 768w\" sizes=\"(max-width: 1000px) 100vw, 1000px\" \/><\/figure><\/li><li class=\"blocks-gallery-item\"><figure><img loading=\"lazy\" width=\"431\" height=\"600\" src=\"http:\/\/www.gastrobig.com\/wp-content\/uploads\/2020\/01\/4-\u0131zgara-rafl\u0131-istif-raf\u0131-431x600-1.jpg\" alt=\"\" data-id=\"258\" data-full-url=\"http:\/\/www.gastrobig.com\/wp-content\/uploads\/2020\/01\/4-\u0131zgara-rafl\u0131-istif-raf\u0131-431x600-1.jpg\" data-link=\"http:\/\/www.gastrobig.com\/index.php\/depolama-istifleme-ekipmanlari-ve-davlumbazlar\/4-izgara-rafli-istif-rafi-431x600-1\/\" class=\"wp-image-258\" srcset=\"http:\/\/gastrobig.com\/wp-content\/uploads\/2020\/01\/4-\u0131zgara-rafl\u0131-istif-raf\u0131-431x600-1.jpg 431w, http:\/\/gastrobig.com\/wp-content\/uploads\/2020\/01\/4-\u0131zgara-rafl\u0131-istif-raf\u0131-431x600-1-216x300.jpg 216w\" sizes=\"(max-width: 431px) 100vw, 431px\" \/><\/figure><\/li><li class=\"blocks-gallery-item\"><figure><img loading=\"lazy\" width=\"335\" height=\"335\" src=\"http:\/\/www.gastrobig.com\/wp-content\/uploads\/2020\/01\/232.jpg\" alt=\"\" data-id=\"259\" data-full-url=\"http:\/\/www.gastrobig.com\/wp-content\/uploads\/2020\/01\/232.jpg\" data-link=\"http:\/\/www.gastrobig.com\/index.php\/depolama-istifleme-ekipmanlari-ve-davlumbazlar\/attachment\/232\/\" class=\"wp-image-259\" srcset=\"http:\/\/gastrobig.com\/wp-content\/uploads\/2020\/01\/232.jpg 335w, http:\/\/gastrobig.com\/wp-content\/uploads\/2020\/01\/232-300x300.jpg 300w, http:\/\/gastrobig.com\/wp-content\/uploads\/2020\/01\/232-150x150.jpg 150w\" sizes=\"(max-width: 335px) 100vw, 335px\" \/><\/figure><\/li><li class=\"blocks-gallery-item\"><figure><img loading=\"lazy\" width=\"780\" height=\"759\" src=\"http:\/\/www.gastrobig.com\/wp-content\/uploads\/2020\/01\/inoksan_20130109230496_f59d58fa73.jpg\" alt=\"\" data-id=\"260\" data-full-url=\"http:\/\/www.gastrobig.com\/wp-content\/uploads\/2020\/01\/inoksan_20130109230496_f59d58fa73.jpg\" data-link=\"http:\/\/www.gastrobig.com\/index.php\/depolama-istifleme-ekipmanlari-ve-davlumbazlar\/inoksan_20130109230496_f59d58fa73\/\" class=\"wp-image-260\" srcset=\"http:\/\/gastrobig.com\/wp-content\/uploads\/2020\/01\/inoksan_20130109230496_f59d58fa73.jpg 780w, http:\/\/gastrobig.com\/wp-content\/uploads\/2020\/01\/inoksan_20130109230496_f59d58fa73-300x292.jpg 300w, http:\/\/gastrobig.com\/wp-content\/uploads\/2020\/01\/inoksan_20130109230496_f59d58fa73-768x747.jpg 768w\" sizes=\"(max-width: 780px) 100vw, 780px\" \/><\/figure><\/li><li class=\"blocks-gallery-item\"><figure><img loading=\"lazy\" width=\"500\" height=\"333\" src=\"http:\/\/www.gastrobig.com\/wp-content\/uploads\/2020\/01\/20072016111514-ddh.png\" alt=\"\" data-id=\"261\" data-full-url=\"http:\/\/www.gastrobig.com\/wp-content\/uploads\/2020\/01\/20072016111514-ddh.png\" data-link=\"http:\/\/www.gastrobig.com\/index.php\/depolama-istifleme-ekipmanlari-ve-davlumbazlar\/20072016111514-ddh\/\" class=\"wp-image-261\" srcset=\"http:\/\/gastrobig.com\/wp-content\/uploads\/2020\/01\/20072016111514-ddh.png 500w, http:\/\/gastrobig.com\/wp-content\/uploads\/2020\/01\/20072016111514-ddh-300x200.png 300w\" sizes=\"(max-width: 500px) 100vw, 500px\" \/><\/figure><\/li><li class=\"blocks-gallery-item\"><figure><img loading=\"lazy\" width=\"800\" height=\"499\" src=\"http:\/\/www.gastrobig.com\/wp-content\/uploads\/2020\/01\/010617043010.jpg\" alt=\"\" data-id=\"262\" data-full-url=\"http:\/\/www.gastrobig.com\/wp-content\/uploads\/2020\/01\/010617043010.jpg\" data-link=\"http:\/\/www.gastrobig.com\/index.php\/depolama-istifleme-ekipmanlari-ve-davlumbazlar\/attachment\/010617043010\/\" class=\"wp-image-262\" srcset=\"http:\/\/gastrobig.com\/wp-content\/uploads\/2020\/01\/010617043010.jpg 800w, http:\/\/gastrobig.com\/wp-content\/uploads\/2020\/01\/010617043010-300x187.jpg 300w, http:\/\/gastrobig.com\/wp-content\/uploads\/2020\/01\/010617043010-768x479.jpg 768w\" sizes=\"(max-width: 800px) 100vw, 800px\" \/><\/figure><\/li><li class=\"blocks-gallery-item\"><figure><img loading=\"lazy\" width=\"600\" height=\"600\" src=\"http:\/\/www.gastrobig.com\/wp-content\/uploads\/2020\/01\/010616111226.jpg\" alt=\"\" data-id=\"263\" data-full-url=\"http:\/\/www.gastrobig.com\/wp-content\/uploads\/2020\/01\/010616111226.jpg\" data-link=\"http:\/\/www.gastrobig.com\/index.php\/depolama-istifleme-ekipmanlari-ve-davlumbazlar\/attachment\/010616111226\/\" class=\"wp-image-263\" srcset=\"http:\/\/gastrobig.com\/wp-content\/uploads\/2020\/01\/010616111226.jpg 600w, http:\/\/gastrobig.com\/wp-content\/uploads\/2020\/01\/010616111226-300x300.jpg 300w, http:\/\/gastrobig.com\/wp-content\/uploads\/2020\/01\/010616111226-150x150.jpg 150w\" sizes=\"(max-width: 600px) 100vw, 600px\" \/><\/figure><\/li><li class=\"blocks-gallery-item\"><figure><img loading=\"lazy\" width=\"500\" height=\"406\" src=\"http:\/\/www.gastrobig.com\/wp-content\/uploads\/2020\/01\/yag-tutucu-010616100646.jpg\" alt=\"\" data-id=\"264\" data-full-url=\"http:\/\/www.gastrobig.com\/wp-content\/uploads\/2020\/01\/yag-tutucu-010616100646.jpg\" data-link=\"http:\/\/www.gastrobig.com\/index.php\/depolama-istifleme-ekipmanlari-ve-davlumbazlar\/yag-tutucu-010616100646\/\" class=\"wp-image-264\" srcset=\"http:\/\/gastrobig.com\/wp-content\/uploads\/2020\/01\/yag-tutucu-010616100646.jpg 500w, http:\/\/gastrobig.com\/wp-content\/uploads\/2020\/01\/yag-tutucu-010616100646-300x244.jpg 300w\" sizes=\"(max-width: 500px) 100vw, 500px\" \/><\/figure><\/li><\/ul><\/figure>\n","protected":false},"excerpt":{"rendered":"","protected":false},"author":1,"featured_media":0,"parent":0,"menu_order":0,"comment_status":"closed","ping_status":"closed","template":"","meta":[],"_links":{"self":[{"href":"http:\/\/gastrobig.com\/index.php\/wp-json\/wp\/v2\/pages\/178"}],"collection":[{"href":"http:\/\/gastrobig.com\/index.php\/wp-json\/wp\/v2\/pages"}],"about":[{"href":"http:\/\/gastrobig.com\/index.php\/wp-json\/wp\/v2\/types\/page"}],"author":[{"embeddable":true,"href":"http:\/\/gastrobig.com\/index.php\/wp-json\/wp\/v2\/users\/1"}],"replies":[{"embeddable":true,"href":"http:\/\/gastrobig.com\/index.php\/wp-json\/wp\/v2\/comments?post=178"}],"version-history":[{"count":2,"href":"http:\/\/gastrobig.com\/index.php\/wp-json\/wp\/v2\/pages\/178\/revisions"}],"predecessor-version":[{"id":265,"href":"http:\/\/gastrobig.com\/index.php\/wp-json\/wp\/v2\/pages\/178\/revisions\/265"}],"wp:attachment":[{"href":"http:\/\/gastrobig.com\/index.php\/wp-json\/wp\/v2\/media?parent=178"}],"curies":[{"name":"wp","href":"https:\/\/api.w.org\/{rel}","templated":true}]}}