{"id":174,"date":"2020-01-21T16:15:25","date_gmt":"2020-01-21T16:15:25","guid":{"rendered":"http:\/\/www.gastrobig.com\/?page_id=174"},"modified":"2020-01-21T17:05:08","modified_gmt":"2020-01-21T17:05:08","slug":"tasima-ekipmanlari","status":"publish","type":"page","link":"http:\/\/gastrobig.com\/index.php\/tasima-ekipmanlari\/","title":{"rendered":"TA\u015eIMA EK\u0130PMANLARI"},"content":{"rendered":"\n<figure class=\"wp-container-2 wp-block-gallery-1 wp-block-gallery columns-2 is-cropped\"><ul class=\"blocks-gallery-grid\"><li class=\"blocks-gallery-item\"><figure><img loading=\"lazy\" width=\"431\" height=\"431\" src=\"http:\/\/www.gastrobig.com\/wp-content\/uploads\/2020\/01\/9915610923058.jpg\" alt=\"\" data-id=\"273\" data-link=\"http:\/\/www.gastrobig.com\/index.php\/tasima-ekipmanlari\/attachment\/9915610923058\/\" class=\"wp-image-273\" srcset=\"http:\/\/gastrobig.com\/wp-content\/uploads\/2020\/01\/9915610923058.jpg 431w, http:\/\/gastrobig.com\/wp-content\/uploads\/2020\/01\/9915610923058-300x300.jpg 300w, http:\/\/gastrobig.com\/wp-content\/uploads\/2020\/01\/9915610923058-150x150.jpg 150w\" sizes=\"(max-width: 431px) 100vw, 431px\" \/><\/figure><\/li><li class=\"blocks-gallery-item\"><figure><img loading=\"lazy\" width=\"367\" height=\"275\" src=\"http:\/\/www.gastrobig.com\/wp-content\/uploads\/2020\/01\/termobox-plasport.jpg\" alt=\"\" data-id=\"274\" data-link=\"http:\/\/www.gastrobig.com\/index.php\/tasima-ekipmanlari\/termobox-plasport\/\" class=\"wp-image-274\" srcset=\"http:\/\/gastrobig.com\/wp-content\/uploads\/2020\/01\/termobox-plasport.jpg 367w, http:\/\/gastrobig.com\/wp-content\/uploads\/2020\/01\/termobox-plasport-300x225.jpg 300w\" sizes=\"(max-width: 367px) 100vw, 367px\" \/><\/figure><\/li><li class=\"blocks-gallery-item\"><figure><img loading=\"lazy\" width=\"1024\" height=\"1024\" src=\"http:\/\/www.gastrobig.com\/wp-content\/uploads\/2020\/01\/tasima-ekipmanlari-1024x1024.jpg\" alt=\"\" data-id=\"275\" data-link=\"http:\/\/www.gastrobig.com\/index.php\/tasima-ekipmanlari\/tasima-ekipmanlari-2\/\" class=\"wp-image-275\" srcset=\"http:\/\/gastrobig.com\/wp-content\/uploads\/2020\/01\/tasima-ekipmanlari-1024x1024.jpg 1024w, http:\/\/gastrobig.com\/wp-content\/uploads\/2020\/01\/tasima-ekipmanlari-300x300.jpg 300w, http:\/\/gastrobig.com\/wp-content\/uploads\/2020\/01\/tasima-ekipmanlari-150x150.jpg 150w, http:\/\/gastrobig.com\/wp-content\/uploads\/2020\/01\/tasima-ekipmanlari-768x768.jpg 768w, http:\/\/gastrobig.com\/wp-content\/uploads\/2020\/01\/tasima-ekipmanlari.jpg 1200w\" sizes=\"(max-width: 1024px) 100vw, 1024px\" \/><\/figure><\/li><li class=\"blocks-gallery-item\"><figure><img loading=\"lazy\" width=\"285\" height=\"300\" src=\"http:\/\/www.gastrobig.com\/wp-content\/uploads\/2020\/01\/basketarabasi_min.jpg\" alt=\"\" data-id=\"278\" data-link=\"http:\/\/www.gastrobig.com\/index.php\/tasima-ekipmanlari\/basketarabasi_min\/\" class=\"wp-image-278\"\/><\/figure><\/li><li class=\"blocks-gallery-item\"><figure><img loading=\"lazy\" width=\"800\" height=\"800\" src=\"http:\/\/www.gastrobig.com\/wp-content\/uploads\/2020\/01\/tasima-arabasi-2-800x800-1.jpg\" alt=\"\" data-id=\"279\" data-link=\"http:\/\/www.gastrobig.com\/index.php\/tasima-ekipmanlari\/tasima-arabasi-2-800x800-1\/\" class=\"wp-image-279\" srcset=\"http:\/\/gastrobig.com\/wp-content\/uploads\/2020\/01\/tasima-arabasi-2-800x800-1.jpg 800w, http:\/\/gastrobig.com\/wp-content\/uploads\/2020\/01\/tasima-arabasi-2-800x800-1-300x300.jpg 300w, http:\/\/gastrobig.com\/wp-content\/uploads\/2020\/01\/tasima-arabasi-2-800x800-1-150x150.jpg 150w, http:\/\/gastrobig.com\/wp-content\/uploads\/2020\/01\/tasima-arabasi-2-800x800-1-768x768.jpg 768w\" sizes=\"(max-width: 800px) 100vw, 800px\" \/><\/figure><\/li><li class=\"blocks-gallery-item\"><figure><img loading=\"lazy\" width=\"528\" height=\"396\" src=\"http:\/\/www.gastrobig.com\/wp-content\/uploads\/2020\/01\/x5_749077428d6p.jpg\" alt=\"\" data-id=\"280\" data-link=\"http:\/\/www.gastrobig.com\/index.php\/tasima-ekipmanlari\/x5_749077428d6p\/\" class=\"wp-image-280\" srcset=\"http:\/\/gastrobig.com\/wp-content\/uploads\/2020\/01\/x5_749077428d6p.jpg 528w, http:\/\/gastrobig.com\/wp-content\/uploads\/2020\/01\/x5_749077428d6p-300x225.jpg 300w\" sizes=\"(max-width: 528px) 100vw, 528px\" \/><\/figure><\/li><li class=\"blocks-gallery-item\"><figure><img loading=\"lazy\" width=\"1000\" height=\"1000\" src=\"http:\/\/www.gastrobig.com\/wp-content\/uploads\/2020\/01\/C609-platform-tasima-arabasi.jpg\" alt=\"\" data-id=\"281\" data-link=\"http:\/\/www.gastrobig.com\/index.php\/tasima-ekipmanlari\/c609-platform-tasima-arabasi\/\" class=\"wp-image-281\" srcset=\"http:\/\/gastrobig.com\/wp-content\/uploads\/2020\/01\/C609-platform-tasima-arabasi.jpg 1000w, http:\/\/gastrobig.com\/wp-content\/uploads\/2020\/01\/C609-platform-tasima-arabasi-300x300.jpg 300w, http:\/\/gastrobig.com\/wp-content\/uploads\/2020\/01\/C609-platform-tasima-arabasi-150x150.jpg 150w, http:\/\/gastrobig.com\/wp-content\/uploads\/2020\/01\/C609-platform-tasima-arabasi-768x768.jpg 768w\" sizes=\"(max-width: 1000px) 100vw, 1000px\" \/><\/figure><\/li><li class=\"blocks-gallery-item\"><figure><img loading=\"lazy\" width=\"600\" height=\"600\" src=\"http:\/\/www.gastrobig.com\/wp-content\/uploads\/2020\/01\/tabak-ta\u015f\u0131ma-arabas\u0131-4-b\u00f6lmeli.jpg\" alt=\"\" data-id=\"282\" data-link=\"http:\/\/www.gastrobig.com\/index.php\/tasima-ekipmanlari\/tabak-tasima-arabasi-4-bolmeli\/\" class=\"wp-image-282\" srcset=\"http:\/\/gastrobig.com\/wp-content\/uploads\/2020\/01\/tabak-ta\u015f\u0131ma-arabas\u0131-4-b\u00f6lmeli.jpg 600w, http:\/\/gastrobig.com\/wp-content\/uploads\/2020\/01\/tabak-ta\u015f\u0131ma-arabas\u0131-4-b\u00f6lmeli-300x300.jpg 300w, http:\/\/gastrobig.com\/wp-content\/uploads\/2020\/01\/tabak-ta\u015f\u0131ma-arabas\u0131-4-b\u00f6lmeli-150x150.jpg 150w\" sizes=\"(max-width: 600px) 100vw, 600px\" \/><\/figure><\/li><li class=\"blocks-gallery-item\"><figure><img loading=\"lazy\" width=\"407\" height=\"450\" src=\"http:\/\/www.gastrobig.com\/wp-content\/uploads\/2020\/01\/47_20151022184045.jpg\" alt=\"\" data-id=\"283\" data-link=\"http:\/\/www.gastrobig.com\/index.php\/tasima-ekipmanlari\/47_20151022184045\/\" class=\"wp-image-283\" srcset=\"http:\/\/gastrobig.com\/wp-content\/uploads\/2020\/01\/47_20151022184045.jpg 407w, http:\/\/gastrobig.com\/wp-content\/uploads\/2020\/01\/47_20151022184045-271x300.jpg 271w\" sizes=\"(max-width: 407px) 100vw, 407px\" \/><\/figure><\/li><li class=\"blocks-gallery-item\"><figure><img loading=\"lazy\" width=\"584\" height=\"584\" src=\"http:\/\/www.gastrobig.com\/wp-content\/uploads\/2020\/01\/ae10a3bf66169e6a1a29df66fe372637_1.jpg\" alt=\"\" data-id=\"284\" data-link=\"http:\/\/www.gastrobig.com\/index.php\/tasima-ekipmanlari\/ae10a3bf66169e6a1a29df66fe372637_1\/\" class=\"wp-image-284\" srcset=\"http:\/\/gastrobig.com\/wp-content\/uploads\/2020\/01\/ae10a3bf66169e6a1a29df66fe372637_1.jpg 584w, http:\/\/gastrobig.com\/wp-content\/uploads\/2020\/01\/ae10a3bf66169e6a1a29df66fe372637_1-300x300.jpg 300w, http:\/\/gastrobig.com\/wp-content\/uploads\/2020\/01\/ae10a3bf66169e6a1a29df66fe372637_1-150x150.jpg 150w\" sizes=\"(max-width: 584px) 100vw, 584px\" \/><\/figure><\/li><li class=\"blocks-gallery-item\"><figure><img loading=\"lazy\" width=\"770\" height=\"290\" src=\"http:\/\/www.gastrobig.com\/wp-content\/uploads\/2020\/01\/tekerlekli-altliklar_67dee4-1.jpeg\" alt=\"\" data-id=\"286\" data-full-url=\"http:\/\/www.gastrobig.com\/wp-content\/uploads\/2020\/01\/tekerlekli-altliklar_67dee4-1.jpeg\" data-link=\"http:\/\/www.gastrobig.com\/index.php\/tasima-ekipmanlari\/tekerlekli-altliklar_67dee4-1\/\" class=\"wp-image-286\" srcset=\"http:\/\/gastrobig.com\/wp-content\/uploads\/2020\/01\/tekerlekli-altliklar_67dee4-1.jpeg 770w, http:\/\/gastrobig.com\/wp-content\/uploads\/2020\/01\/tekerlekli-altliklar_67dee4-1-300x113.jpeg 300w, http:\/\/gastrobig.com\/wp-content\/uploads\/2020\/01\/tekerlekli-altliklar_67dee4-1-768x289.jpeg 768w\" sizes=\"(max-width: 770px) 100vw, 770px\" \/><\/figure><\/li><\/ul><\/figure>\n\n\n\n<div class=\"wp-block-image\"><figure class=\"aligncenter size-large is-resized\"><img loading=\"lazy\" src=\"http:\/\/www.gastrobig.com\/wp-content\/uploads\/2020\/01\/280-1.png\" alt=\"\" class=\"wp-image-288\" width=\"322\" height=\"322\" srcset=\"http:\/\/gastrobig.com\/wp-content\/uploads\/2020\/01\/280-1.png 404w, http:\/\/gastrobig.com\/wp-content\/uploads\/2020\/01\/280-1-300x300.png 300w, http:\/\/gastrobig.com\/wp-content\/uploads\/2020\/01\/280-1-150x150.png 150w\" sizes=\"(max-width: 322px) 100vw, 322px\" \/><\/figure><\/div>\n","protected":false},"excerpt":{"rendered":"","protected":false},"author":1,"featured_media":0,"parent":0,"menu_order":0,"comment_status":"closed","ping_status":"closed","template":"","meta":[],"_links":{"self":[{"href":"http:\/\/gastrobig.com\/index.php\/wp-json\/wp\/v2\/pages\/174"}],"collection":[{"href":"http:\/\/gastrobig.com\/index.php\/wp-json\/wp\/v2\/pages"}],"about":[{"href":"http:\/\/gastrobig.com\/index.php\/wp-json\/wp\/v2\/types\/page"}],"author":[{"embeddable":true,"href":"http:\/\/gastrobig.com\/index.php\/wp-json\/wp\/v2\/users\/1"}],"replies":[{"embeddable":true,"href":"http:\/\/gastrobig.com\/index.php\/wp-json\/wp\/v2\/comments?post=174"}],"version-history":[{"count":2,"href":"http:\/\/gastrobig.com\/index.php\/wp-json\/wp\/v2\/pages\/174\/revisions"}],"predecessor-version":[{"id":289,"href":"http:\/\/gastrobig.com\/index.php\/wp-json\/wp\/v2\/pages\/174\/revisions\/289"}],"wp:attachment":[{"href":"http:\/\/gastrobig.com\/index.php\/wp-json\/wp\/v2\/media?parent=174"}],"curies":[{"name":"wp","href":"https:\/\/api.w.org\/{rel}","templated":true}]}}