{"id":139,"date":"2020-01-21T09:16:28","date_gmt":"2020-01-21T09:16:28","guid":{"rendered":"http:\/\/www.gastrobig.com\/?page_id=139"},"modified":"2022-05-30T07:06:51","modified_gmt":"2022-05-30T07:06:51","slug":"urunler","status":"publish","type":"page","link":"http:\/\/gastrobig.com\/index.php\/urunler\/","title":{"rendered":"\u00dcR\u00dcNLER"},"content":{"rendered":"\n<figure class=\"wp-block-image size-large\"><img loading=\"lazy\" width=\"780\" height=\"400\" src=\"http:\/\/www.gastrobig.com\/wp-content\/uploads\/2020\/01\/blog-kitchen-products-4-2.jpg\" alt=\"\" class=\"wp-image-146\" srcset=\"http:\/\/gastrobig.com\/wp-content\/uploads\/2020\/01\/blog-kitchen-products-4-2.jpg 780w, http:\/\/gastrobig.com\/wp-content\/uploads\/2020\/01\/blog-kitchen-products-4-2-300x154.jpg 300w, http:\/\/gastrobig.com\/wp-content\/uploads\/2020\/01\/blog-kitchen-products-4-2-768x394.jpg 768w\" sizes=\"(max-width: 780px) 100vw, 780px\" \/><\/figure>\n\n\n\n<ul><li><strong>P\u0130\u015e\u0130R\u0130C\u0130LER<\/strong><\/li><li><strong>FIRINLAR<\/strong><\/li><li><strong>SO\u011eUTUCULAR<\/strong><\/li><li><strong>TA\u015eIMA EK\u0130PMANLARI<\/strong><\/li><li><strong>\u00c7ALI\u015eMA TEZGAHLARI<\/strong><\/li><li><strong>DEPOLAMA, \u0130ST\u0130FLEME EK\u0130PMANLARI VE DAVLUMBAZLAR<\/strong><\/li><li><strong>\u0130\u00c7ECEK HAZIRLAMA EK\u0130PMANLARI<\/strong><\/li><li><strong>HAZIRLIK EK\u0130PMANLARI<\/strong><\/li><li><strong>A\u00c7IK B\u00dcFE SERV\u0130S \u00dcN\u0130TELER\u0130<\/strong><\/li><li><strong>MUTFAK YARDIMCI EK\u0130PMANLARI<\/strong><\/li><li><strong>SERV\u0130S EK\u0130PMANLARI<\/strong><\/li><li><strong>PORSELEN GRUBU<\/strong><\/li><li><strong>AH\u015eAP GRUBU<\/strong><\/li><\/ul>\n\n\n\n<p><\/p>\n\n\n\n<p><strong>\u00dcR\u00dcN \u00c7E\u015e\u0130TL\u0130\u011e\u0130<\/strong><\/p>\n\n\n\n<p><strong>KAL\u0130TEL\u0130, GARANT\u0130L\u0130 \u00dcR\u00dcNLE<\/strong>R<\/p>\n\n\n\n<p><strong>FONKS\u0130YONELL\u0130K<\/strong><\/p>\n\n\n\n<p><strong>UYGUN \u00d6DEME \u015eARTLARI<\/strong><\/p>\n\n\n\n<p><strong>ANAHTAR TESL\u0130M MUTFAK S\u0130STEMLER\u0130<\/strong><\/p>\n\n\n\n<figure class=\"wp-block-image size-large\"><img loading=\"lazy\" width=\"556\" height=\"440\" src=\"http:\/\/www.gastrobig.com\/wp-content\/uploads\/2020\/01\/endustriyel-mutfak-ekipmanlari-1.jpg\" alt=\"\" class=\"wp-image-148\" srcset=\"http:\/\/gastrobig.com\/wp-content\/uploads\/2020\/01\/endustriyel-mutfak-ekipmanlari-1.jpg 556w, http:\/\/gastrobig.com\/wp-content\/uploads\/2020\/01\/endustriyel-mutfak-ekipmanlari-1-300x237.jpg 300w\" sizes=\"(max-width: 556px) 100vw, 556px\" \/><\/figure>\n","protected":false},"excerpt":{"rendered":"<p>P\u0130\u015e\u0130R\u0130C\u0130LER FIRINLAR SO\u011eUTUCULAR TA\u015eIMA EK\u0130PMANLARI \u00c7ALI\u015eMA TEZGAHLARI DEPOLAMA, \u0130ST\u0130FLEME EK\u0130PMANLARI VE DAVLUMBAZLAR \u0130\u00c7ECEK HAZIRLAMA EK\u0130PMANLARI HAZIRLIK EK\u0130PMANLARI A\u00c7IK B\u00dcFE SERV\u0130S \u00dcN\u0130TELER\u0130 MUTFAK YARDIMCI EK\u0130PMANLARI SERV\u0130S EK\u0130PMANLARI PORSELEN GRUBU AH\u015eAP GRUBU \u00dcR\u00dcN \u00c7E\u015e\u0130TL\u0130\u011e\u0130 KAL\u0130TEL\u0130, GARANT\u0130L\u0130 \u00dcR\u00dcNLER FONKS\u0130YONELL\u0130K UYGUN \u00d6DEME \u015eARTLARI ANAHTAR TESL\u0130M MUTFAK S\u0130STEMLER\u0130<\/p>\n","protected":false},"author":1,"featured_media":0,"parent":0,"menu_order":0,"comment_status":"closed","ping_status":"closed","template":"","meta":[],"_links":{"self":[{"href":"http:\/\/gastrobig.com\/index.php\/wp-json\/wp\/v2\/pages\/139"}],"collection":[{"href":"http:\/\/gastrobig.com\/index.php\/wp-json\/wp\/v2\/pages"}],"about":[{"href":"http:\/\/gastrobig.com\/index.php\/wp-json\/wp\/v2\/types\/page"}],"author":[{"embeddable":true,"href":"http:\/\/gastrobig.com\/index.php\/wp-json\/wp\/v2\/users\/1"}],"replies":[{"embeddable":true,"href":"http:\/\/gastrobig.com\/index.php\/wp-json\/wp\/v2\/comments?post=139"}],"version-history":[{"count":8,"href":"http:\/\/gastrobig.com\/index.php\/wp-json\/wp\/v2\/pages\/139\/revisions"}],"predecessor-version":[{"id":523,"href":"http:\/\/gastrobig.com\/index.php\/wp-json\/wp\/v2\/pages\/139\/revisions\/523"}],"wp:attachment":[{"href":"http:\/\/gastrobig.com\/index.php\/wp-json\/wp\/v2\/media?parent=139"}],"curies":[{"name":"wp","href":"https:\/\/api.w.org\/{rel}","templated":true}]}}